{"id":35,"date":"2015-01-17T20:49:34","date_gmt":"2015-01-17T20:49:34","guid":{"rendered":"http:\/\/fewo-claudia-maurer.de\/?page_id=35"},"modified":"2015-03-06T19:54:07","modified_gmt":"2015-03-06T19:54:07","slug":"unser-haus","status":"publish","type":"page","link":"http:\/\/fewo-claudia-maurer.de\/","title":{"rendered":"Unser Haus"},"content":{"rendered":"<div id=\"mtphr-dnt-329\" class=\"mtphr-dnt mtphr-dnt-329 mtphr-dnt-default mtphr-dnt-scroll mtphr-dnt-scroll-left\"><div class=\"mtphr-dnt-wrapper mtphr-dnt-clearfix\"><div class=\"mtphr-dnt-tick-container\"><div class=\"mtphr-dnt-tick-contents\"><div class=\"mtphr-dnt-tick mtphr-dnt-default-tick mtphr-dnt-clearfix\"><table class=\"mtphr-dnt-grid\"><tr class=\"mtphr-dnt-grid-row mtphr-dnt-grid-row-1\"><td class=\"mtphr-dnt-grid-item mtphr-dnt-grid-item-1 mtphr-dnt-grid-item-default\" style=\"padding:5px;\"><span style=\"font-family: comic sans ms,sans-serif; font-size: 12pt;\">Liebe G\u00e4ste , genie\u00dfen Sie den Fr\u00fchling in Wamberg ! Wir senden Ihnen gerne ein unverbindliches ANGEBOT zu. Herzliche Gr\u00fc\u00dfe Familie Maurer .<\/span><\/td><\/tr><\/table><\/div><\/div><\/div><\/div><\/div>\n","protected":false},"excerpt":{"rendered":"","protected":false},"author":1,"featured_media":0,"parent":0,"menu_order":0,"comment_status":"closed","ping_status":"closed","template":"","meta":{"ngg_post_thumbnail":0},"_links":{"self":[{"href":"http:\/\/fewo-claudia-maurer.de\/index.php?rest_route=\/wp\/v2\/pages\/35"}],"collection":[{"href":"http:\/\/fewo-claudia-maurer.de\/index.php?rest_route=\/wp\/v2\/pages"}],"about":[{"href":"http:\/\/fewo-claudia-maurer.de\/index.php?rest_route=\/wp\/v2\/types\/page"}],"author":[{"embeddable":true,"href":"http:\/\/fewo-claudia-maurer.de\/index.php?rest_route=\/wp\/v2\/users\/1"}],"replies":[{"embeddable":true,"href":"http:\/\/fewo-claudia-maurer.de\/index.php?rest_route=%2Fwp%2Fv2%2Fcomments&post=35"}],"version-history":[{"count":49,"href":"http:\/\/fewo-claudia-maurer.de\/index.php?rest_route=\/wp\/v2\/pages\/35\/revisions"}],"predecessor-version":[{"id":355,"href":"http:\/\/fewo-claudia-maurer.de\/index.php?rest_route=\/wp\/v2\/pages\/35\/revisions\/355"}],"wp:attachment":[{"href":"http:\/\/fewo-claudia-maurer.de\/index.php?rest_route=%2Fwp%2Fv2%2Fmedia&parent=35"}],"curies":[{"name":"wp","href":"https:\/\/api.w.org\/{rel}","templated":true}]}}